{"id":409,"date":"2024-10-02T12:20:04","date_gmt":"2024-10-02T12:20:04","guid":{"rendered":"https:\/\/realrealtymiami.com\/?post_type=product&#038;p=409"},"modified":"2025-05-21T21:51:28","modified_gmt":"2025-05-21T21:51:28","slug":"pre-construccion-3-unidades-residenciales-cada-una-en-3-pisos-hallandale-beach-fl","status":"publish","type":"product","link":"https:\/\/realrealtymiami.com\/en\/product\/pre-construccion-3-unidades-residenciales-cada-una-en-3-pisos-hallandale-beach-fl\/","title":{"rendered":"PRE CONSTRUCTION. 3 residential units, each on 3 floors. Hallandale Beach, FL"},"content":{"rendered":"<p>[et_pb_section fb_built=\u00bb1&#8243; _builder_version=\u00bb4.16&#8243; custom_padding=\u00bb0px||||false|false\u00bb global_colors_info=\u00bb{}\u00bb][et_pb_row _builder_version=\u00bb4.16&#8243; background_size=\u00bbinitial\u00bb background_position=\u00bbtop_left\u00bb background_repeat=\u00bbrepeat\u00bb width=\u00bb100%\u00bb custom_padding=\u00bb0px||0px||false|false\u00bb global_colors_info=\u00bb{}\u00bb][et_pb_column type=\u00bb4_4&#8243; _builder_version=\u00bb4.16&#8243; custom_padding=\u00bb|||\u00bb global_colors_info=\u00bb{}\u00bb custom_padding__hover=\u00bb|||\u00bb][et_pb_wc_breadcrumb _builder_version=\u00bb4.16&#8243; global_colors_info=\u00bb{}\u00bb][\/et_pb_wc_breadcrumb][\/et_pb_column][\/et_pb_row][et_pb_row column_structure=\u00bb1_2,1_2&#8243; _builder_version=\u00bb4.16&#8243; background_size=\u00bbinitial\u00bb background_position=\u00bbtop_left\u00bb background_repeat=\u00bbrepeat\u00bb width=\u00bb100%\u00bb custom_padding=\u00bb0px||||false|false\u00bb global_colors_info=\u00bb{}\u00bb][et_pb_column type=\u00bb1_2&#8243; _builder_version=\u00bb4.16&#8243; custom_padding=\u00bb|||\u00bb global_colors_info=\u00bb{}\u00bb custom_padding__hover=\u00bb|||\u00bb][et_pb_wc_images _builder_version=\u00bb4.16&#8243; global_colors_info=\u00bb{}\u00bb][\/et_pb_wc_images][\/et_pb_column][et_pb_column type=\u00bb1_2&#8243; _builder_version=\u00bb4.16&#8243; custom_padding=\u00bb|||\u00bb global_colors_info=\u00bb{}\u00bb custom_padding__hover=\u00bb|||\u00bb][et_pb_wc_title _builder_version=\u00bb4.16&#8243; global_colors_info=\u00bb{}\u00bb][\/et_pb_wc_title][et_pb_wc_rating _builder_version=\u00bb4.16&#8243; global_colors_info=\u00bb{}\u00bb][\/et_pb_wc_rating][et_pb_wc_price _builder_version=\u00bb4.16&#8243; global_colors_info=\u00bb{}\u00bb][\/et_pb_wc_price][et_pb_wc_description _builder_version=\u00bb4.16&#8243; global_colors_info=\u00bb{}\u00bb][\/et_pb_wc_description][et_pb_wc_add_to_cart _builder_version=\u00bb4.16&#8243; global_colors_info=\u00bb{}\u00bb][\/et_pb_wc_add_to_cart][et_pb_wc_meta admin_label=\u00bbMeta del producto Woo\u00bb _builder_version=\u00bb4.24.2&#8243; body_font=\u00bb|600||on|||||\u00bb global_colors_info=\u00bb{}\u00bb][\/et_pb_wc_meta][\/et_pb_column][\/et_pb_row][et_pb_row _builder_version=\u00bb4.16&#8243; background_size=\u00bbinitial\u00bb background_position=\u00bbtop_left\u00bb background_repeat=\u00bbrepeat\u00bb width=\u00bb100%\u00bb global_colors_info=\u00bb{}\u00bb][et_pb_column type=\u00bb4_4&#8243; _builder_version=\u00bb4.16&#8243; custom_padding=\u00bb|||\u00bb global_colors_info=\u00bb{}\u00bb custom_padding__hover=\u00bb|||\u00bb][et_pb_wc_tabs _builder_version=\u00bb4.24.2&#8243; global_colors_info=\u00bb{}\u00bb]\t\t\t\t\t[\/et_pb_wc_tabs][et_pb_wc_upsells _builder_version=\u00bb4.16&#8243; global_colors_info=\u00bb{}\u00bb][\/et_pb_wc_upsells][et_pb_wc_related_products _builder_version=\u00bb4.16&#8243; global_colors_info=\u00bb{}\u00bb][\/et_pb_wc_related_products][\/et_pb_column][\/et_pb_row][\/et_pb_section]<\/p>\n","protected":false},"excerpt":{"rendered":"<p><strong>PRE CONSTRUCTION. Approved plans and some fees paid for the construction of 3 residential units of 3,349 square feet each on 3 stories. Includes 4 parking spaces per unit. Open terrace. Private elevator. High-end units.<\/p>\n<h2>CURRENT VALUE: <strong>$845,000<\/strong><\/h2>\n<p><strong>Costo mensual estimado: $5,382<br \/>\n<\/strong><\/p>","protected":false},"featured_media":410,"comment_status":"open","ping_status":"closed","template":"","meta":{"_et_pb_use_builder":"on","_et_pb_old_content":"PRE CONSTRUCCI\u00d3N. Planos aprobados y algunos honorarios pagados para la construcci\u00f3n de 3 unidades residenciales de 3,349 pies cuadrados cada una en 3 pisos. Incluye 4 estacionamientos por unidad. Terraza abierta. Ascensor privado. Unidades de alta gama.\r\n\r\n<strong>Domicilio<\/strong>: 614 NE 3rd St Hallandale Beach, FL 33009-3983 - <a href=\"https:\/\/maps.app.goo.gl\/xftS9inP4pQgdndDA\">Google Maps<\/a>\r\n\r\n<strong>Caracter\u00edsticas<\/strong>\r\n<ul>\r\n \t<li>Tipo: Residencial<\/li>\r\n \t<li>\u00c1rea de tama\u00f1o del lote: 10,716.00 pies cuadrados<\/li>\r\n \t<li>Condado\/Parroquia: Broward<\/li>\r\n \t<li>Subdivisi\u00f3n: C\u00c9SPED ATL\u00c1NTICO<\/li>\r\n<\/ul>\r\n<strong>Detalles de la propiedad<\/strong>\r\n\r\n<strong>Detalles exteriores<\/strong>\r\n<ul>\r\n \t<li>Tipo de propiedad Tierra<\/li>\r\n \t<li>Tama\u00f1o del lote \u00c1rea 10,716.00 pies cuadrados<\/li>\r\n \t<li>Caras direccionales Norte<\/li>\r\n<\/ul>\r\n<strong>Detalles del terreno<\/strong>\r\n<strong>Utilidades<\/strong>\r\n<ul>\r\n \t<li>Fuente de agua P\u00fablico<\/li>\r\n<\/ul>\r\n<strong>Otros hechos y caracter\u00edsticas<\/strong>\r\n<ul>\r\n \t<li>Precio de lista $845.000<\/li>\r\n \t<li>Estado de desarrollo Plano del sitio archivado<\/li>\r\n \t<li>T\u00e9rminos de listado Dinero<\/li>\r\n \t<li>Detalles de zonificaci\u00f3n CENTRAL<\/li>\r\n \t<li>Posesi\u00f3n Cierre del dep\u00f3sito de garant\u00eda<\/li>\r\n \t<li>Restricciones Sin restricciones de escritura<\/li>\r\n \t<li>Caracter\u00edsticas del edificio S\u00ed<\/li>\r\n<\/ul>\r\n<strong>Detalles legales y financieros<\/strong>\r\n<ul>\r\n \t<li>Identificaci\u00f3n fiscal 514227250030<\/li>\r\n \t<li>A\u00f1o fiscal 2024<\/li>\r\n \t<li>Impuestos Anuales $8,959<\/li>\r\n \t<li>Descripci\u00f3n Legal Fiscal C\u00c9SPED DEL ATL\u00c1NTICO 10-30 B LOTE 12 E1\/2,13,14 BLK 1<\/li>\r\n<\/ul>\r\n<strong>Ubicaci\u00f3n<\/strong>\r\n<ul>\r\n \t<li>Condado\/Parroquia Broward<\/li>\r\n \t<li>Subdivisi\u00f3n C\u00c9SPED ATL\u00c1NTICO<\/li>\r\n \t<li>Mayor del \u00e1rea de la MLS 3040<\/li>\r\n \t<li>\u00c1rea menor de la MLS Este de Hollywood (3010-3050)<\/li>\r\n \t<li>Ciudad postal Playa de Hallandale<\/li>\r\n<\/ul>","_et_gb_content_width":"","inline_featured_image":false},"product_brand":[],"product_cat":[21],"product_tag":[24],"class_list":{"0":"post-409","1":"product","2":"type-product","3":"status-publish","4":"has-post-thumbnail","6":"product_cat-venta","7":"product_tag-venta","9":"first","10":"instock","11":"shipping-taxable","12":"product-type-simple"},"_links":{"self":[{"href":"https:\/\/realrealtymiami.com\/en\/wp-json\/wp\/v2\/product\/409","targetHints":{"allow":["GET"]}}],"collection":[{"href":"https:\/\/realrealtymiami.com\/en\/wp-json\/wp\/v2\/product"}],"about":[{"href":"https:\/\/realrealtymiami.com\/en\/wp-json\/wp\/v2\/types\/product"}],"replies":[{"embeddable":true,"href":"https:\/\/realrealtymiami.com\/en\/wp-json\/wp\/v2\/comments?post=409"}],"wp:featuredmedia":[{"embeddable":true,"href":"https:\/\/realrealtymiami.com\/en\/wp-json\/wp\/v2\/media\/410"}],"wp:attachment":[{"href":"https:\/\/realrealtymiami.com\/en\/wp-json\/wp\/v2\/media?parent=409"}],"wp:term":[{"taxonomy":"product_brand","embeddable":true,"href":"https:\/\/realrealtymiami.com\/en\/wp-json\/wp\/v2\/product_brand?post=409"},{"taxonomy":"product_cat","embeddable":true,"href":"https:\/\/realrealtymiami.com\/en\/wp-json\/wp\/v2\/product_cat?post=409"},{"taxonomy":"product_tag","embeddable":true,"href":"https:\/\/realrealtymiami.com\/en\/wp-json\/wp\/v2\/product_tag?post=409"}],"curies":[{"name":"wp","href":"https:\/\/api.w.org\/{rel}","templated":true}]}}